{"id":11304,"date":"2026-03-23T21:53:52","date_gmt":"2026-03-24T00:53:52","guid":{"rendered":"https:\/\/fulanashoes.com\/?page_id=11304"},"modified":"2026-03-23T22:55:09","modified_gmt":"2026-03-24T01:55:09","slug":"manuela-rossi-fulana","status":"publish","type":"page","link":"https:\/\/fulanashoes.com\/ar\/manuela-rossi-fulana\/","title":{"rendered":"Manuela Rossi + Fulana"},"content":{"rendered":"<div id=\"fws_69e021d309d7b\"  data-column-margin=\"default\" data-midnight=\"dark\"  class=\"wpb_row vc_row-fluid vc_row full-width-section\"  style=\"padding-top: 0px; padding-bottom: 5px; \"><div class=\"row-bg-wrap\" data-bg-animation=\"none\" data-bg-animation-delay=\"\" data-bg-overlay=\"false\"><div class=\"inner-wrap row-bg-layer\" ><div class=\"row-bg viewport-desktop using-bg-color\"  style=\"background-color: #ffffff; \"><\/div><\/div><\/div><div class=\"row_col_wrap_12 col span_12 dark left\">\n\t<div  class=\"vc_col-sm-12 wpb_column column_container vc_column_container col no-extra-padding inherit_tablet inherit_phone\"  data-padding-pos=\"all\" data-has-bg-color=\"false\" data-bg-color=\"\" data-bg-opacity=\"1\" data-animation=\"\" data-delay=\"0\" >\n\t\t<div class=\"vc_column-inner\" >\n\t\t\t<div class=\"wpb_wrapper\">\n\t\t\t\t<div id=\"fws_69e021d309fbc\" data-midnight=\"\" data-column-margin=\"default\" class=\"wpb_row vc_row-fluid vc_row inner_row\"  style=\"\"><div class=\"row-bg-wrap\"> <div class=\"row-bg\" ><\/div> <\/div><div class=\"row_col_wrap_12_inner col span_12  left\">\n\t<div  class=\"vc_col-sm-12 wpb_column column_container vc_column_container col child_column no-extra-padding inherit_tablet inherit_phone\"   data-padding-pos=\"all\" data-has-bg-color=\"false\" data-bg-color=\"\" data-bg-opacity=\"1\" data-animation=\"\" data-delay=\"0\" >\n\t\t<div class=\"vc_column-inner\" >\n\t\t<div class=\"wpb_wrapper\">\n\t\t\t<div class=\"nectar-split-heading\" data-align=\"default\" data-m-align=\"center\" data-text-effect=\"default\" data-animation-type=\"line-reveal-by-space\" data-animation-delay=\"0\" data-animation-offset=\"\" data-m-rm-animation=\"\" data-stagger=\"\" data-custom-font-size=\"false\" ><h1 style=\" color: #cf336e;\">Manuela Rossi + Fulana<\/h1><\/div>\n\t\t<\/div> \n\t<\/div>\n\t<\/div> \n<\/div><\/div>\n\t\t\t<\/div> \n\t\t<\/div>\n\t<\/div> \n<\/div><\/div>\n\t\t<div id=\"fws_69e021d30a201\"  data-column-margin=\"default\" data-midnight=\"dark\" data-top-percent=\"0%\" data-bottom-percent=\"0%\"  class=\"wpb_row vc_row-fluid vc_row full-width-section\"  style=\"padding-top: calc(100vw * 0.00); padding-bottom: calc(100vw * 0.00); \"><div class=\"row-bg-wrap\" data-bg-animation=\"none\" data-bg-animation-delay=\"\" data-bg-overlay=\"false\"><div class=\"inner-wrap row-bg-layer\" ><div class=\"row-bg viewport-desktop\"  style=\"\"><\/div><\/div><\/div><div class=\"row_col_wrap_12 col span_12 dark left\">\n\t<div  class=\"vc_col-sm-12 wpb_column column_container vc_column_container col no-extra-padding inherit_tablet inherit_phone\"  data-padding-pos=\"all\" data-has-bg-color=\"false\" data-bg-color=\"\" data-bg-opacity=\"1\" data-animation=\"\" data-delay=\"0\" >\n\t\t<div class=\"vc_column-inner\" >\n\t\t\t<div class=\"wpb_wrapper\">\n\t\t\t\t<div class=\"woocommerce columns-4\">\n\t\t\n\t\t\n\t\t\n  <ul class=\"products columns-4\" data-n-lazy=\"off\" data-rm-m-hover=\"off\" data-n-desktop-columns=\"4\" data-n-desktop-small-columns=\"3\" data-n-tablet-columns=\"default\" data-n-phone-columns=\"default\" data-product-style=\"classic\">\n\n\n\n\t\t\t\n\t\t\t\t\n\t<li class=\"classic product type-product post-11452 status-publish first instock product_cat-manuela-rossi-fulana has-post-thumbnail shipping-taxable purchasable product-type-variable\" >\n\n\n\t\n\n\t\t\t   <div class=\"product-wrap\">\n\t\t\t<a href=\"https:\/\/fulanashoes.com\/ar\/producto\/mini-short\/\"><img loading=\"lazy\" decoding=\"async\" width=\"300\" height=\"300\" src=\"https:\/\/fulanashoes.com\/wp-content\/uploads\/2026\/04\/MG_9493-2-300x300.jpg\" class=\"attachment-woocommerce_thumbnail size-woocommerce_thumbnail\" alt=\"Mini + Short\" srcset=\"https:\/\/fulanashoes.com\/wp-content\/uploads\/2026\/04\/MG_9493-2-300x300.jpg 300w, https:\/\/fulanashoes.com\/wp-content\/uploads\/2026\/04\/MG_9493-2-1024x1024.jpg 1024w, https:\/\/fulanashoes.com\/wp-content\/uploads\/2026\/04\/MG_9493-2-150x150.jpg 150w, https:\/\/fulanashoes.com\/wp-content\/uploads\/2026\/04\/MG_9493-2-768x768.jpg 768w, https:\/\/fulanashoes.com\/wp-content\/uploads\/2026\/04\/MG_9493-2-1536x1536.jpg 1536w, https:\/\/fulanashoes.com\/wp-content\/uploads\/2026\/04\/MG_9493-2-2048x2048.jpg 2048w, https:\/\/fulanashoes.com\/wp-content\/uploads\/2026\/04\/MG_9493-2-100x100.jpg 100w, https:\/\/fulanashoes.com\/wp-content\/uploads\/2026\/04\/MG_9493-2-140x140.jpg 140w, https:\/\/fulanashoes.com\/wp-content\/uploads\/2026\/04\/MG_9493-2-500x500.jpg 500w, https:\/\/fulanashoes.com\/wp-content\/uploads\/2026\/04\/MG_9493-2-350x350.jpg 350w, https:\/\/fulanashoes.com\/wp-content\/uploads\/2026\/04\/MG_9493-2-1000x1000.jpg 1000w, https:\/\/fulanashoes.com\/wp-content\/uploads\/2026\/04\/MG_9493-2-800x800.jpg 800w, https:\/\/fulanashoes.com\/wp-content\/uploads\/2026\/04\/MG_9493-2-600x600.jpg 600w\" sizes=\"auto, (max-width: 300px) 100vw, 300px\" \/><\/a>\n\t\t\t<div class=\"product-add-to-cart\" data-nectar-quickview=\"false\"><a href=\"https:\/\/fulanashoes.com\/ar\/producto\/mini-short\/\" data-quantity=\"1\" class=\"button product_type_variable add_to_cart_button\" data-product_id=\"11452\" data-product_sku=\"127-2-2-4-1-1-4\" aria-label=\"Eleg\u00ed las opciones para \u201cMini + Short\u201d\" rel=\"nofollow\" data-no-translation=\"\" data-trp-gettext=\"\" data-no-translation-aria-label=\"\">Seleccionar opciones<\/a><\/div>\t\t   <\/div>\n\t\t\t\t\n\t  \n\n\t\t<h2 class=\"woocommerce-loop-product__title\">Mini + Corto<\/h2>\n\t<span class=\"price\">\t\t<span class=\"tiered-pricing-dynamic-price-wrapper tiered-pricing-dynamic-price-wrapper--variable\"\n\t\t\t  data-display-context=\"shop-loop\"\n\t\t\t  data-price-type=\"dynamic\"\n\t\t\t  data-product-id=\"11452\"\n\t\t\t  data-parent-id=\"11452\">\n\t\t\t<span class=\"woocommerce-Price-amount amount\"><bdi><span class=\"woocommerce-Price-currencySymbol\">$<\/span>55<\/bdi><\/span><\/span><\/span>\n\n\t\n\n\t\n<\/li>\n\t\t\t\n\t\t\t\t\n\t<li class=\"classic product type-product post-11212 status-publish instock product_cat-manuela-rossi-fulana has-post-thumbnail shipping-taxable purchasable product-type-variable\" >\n\n\n\t\n\n\t\t\t   <div class=\"product-wrap\">\n\t\t\t<a href=\"https:\/\/fulanashoes.com\/ar\/producto\/falda-al-bies\/\"><img loading=\"lazy\" decoding=\"async\" width=\"300\" height=\"300\" src=\"https:\/\/fulanashoes.com\/wp-content\/uploads\/2026\/02\/B0LI6655-300x300.jpg\" class=\"attachment-woocommerce_thumbnail size-woocommerce_thumbnail\" alt=\"Falda al bies\" srcset=\"https:\/\/fulanashoes.com\/wp-content\/uploads\/2026\/02\/B0LI6655-300x300.jpg 300w, https:\/\/fulanashoes.com\/wp-content\/uploads\/2026\/02\/B0LI6655-150x150.jpg 150w, https:\/\/fulanashoes.com\/wp-content\/uploads\/2026\/02\/B0LI6655-100x100.jpg 100w, https:\/\/fulanashoes.com\/wp-content\/uploads\/2026\/02\/B0LI6655-140x140.jpg 140w, https:\/\/fulanashoes.com\/wp-content\/uploads\/2026\/02\/B0LI6655-500x500.jpg 500w, https:\/\/fulanashoes.com\/wp-content\/uploads\/2026\/02\/B0LI6655-350x350.jpg 350w, https:\/\/fulanashoes.com\/wp-content\/uploads\/2026\/02\/B0LI6655-1000x1000.jpg 1000w, https:\/\/fulanashoes.com\/wp-content\/uploads\/2026\/02\/B0LI6655-800x800.jpg 800w\" sizes=\"auto, (max-width: 300px) 100vw, 300px\" \/><\/a>\n\t\t\t<div class=\"product-add-to-cart\" data-nectar-quickview=\"false\"><a href=\"https:\/\/fulanashoes.com\/ar\/producto\/falda-al-bies\/\" data-quantity=\"1\" class=\"button product_type_variable add_to_cart_button\" data-product_id=\"11212\" data-product_sku=\"127-2-2-4-1-1-2\" aria-label=\"Eleg\u00ed las opciones para \u201cFalda al bies\u201d\" rel=\"nofollow\" data-no-translation=\"\" data-trp-gettext=\"\" data-no-translation-aria-label=\"\">Seleccionar opciones<\/a><\/div>\t\t   <\/div>\n\t\t\t\t\n\t  \n\n\t\t<h2 class=\"woocommerce-loop-product__title\">Falda al bies<\/h2>\n\t<span class=\"price\">\t\t<span class=\"tiered-pricing-dynamic-price-wrapper tiered-pricing-dynamic-price-wrapper--variable\"\n\t\t\t  data-display-context=\"shop-loop\"\n\t\t\t  data-price-type=\"dynamic\"\n\t\t\t  data-product-id=\"11212\"\n\t\t\t  data-parent-id=\"11212\">\n\t\t\t<span class=\"woocommerce-Price-amount amount\"><bdi><span class=\"woocommerce-Price-currencySymbol\">$<\/span>55<\/bdi><\/span><\/span><\/span>\n\n\t\n\n\t\n<\/li>\n\t\t\t\n\t\t<\/ul>\n\n\t\t\n\t<\/div>\n\t\t\t<\/div> \n\t\t<\/div>\n\t<\/div> \n<\/div><\/div>\n\t\t<div id=\"fws_69e021d30d943\"  data-column-margin=\"default\" data-midnight=\"dark\"  class=\"wpb_row vc_row-fluid vc_row\"  style=\"padding-top: 0px; padding-bottom: 0px; \"><div class=\"row-bg-wrap\" data-bg-animation=\"none\" data-bg-animation-delay=\"\" data-bg-overlay=\"false\"><div class=\"inner-wrap row-bg-layer\" ><div class=\"row-bg viewport-desktop\"  style=\"\"><\/div><\/div><\/div><div class=\"row_col_wrap_12 col span_12 dark left\">\n\t<div  class=\"vc_col-sm-12 wpb_column column_container vc_column_container col no-extra-padding inherit_tablet inherit_phone\"  data-padding-pos=\"all\" data-has-bg-color=\"false\" data-bg-color=\"\" data-bg-opacity=\"1\" data-animation=\"\" data-delay=\"0\" >\n\t\t<div class=\"vc_column-inner\" >\n\t\t\t<div class=\"wpb_wrapper\">\n\t\t\t\t<div id=\"fws_69e021d30da61\" data-midnight=\"\" data-column-margin=\"default\" class=\"wpb_row vc_row-fluid vc_row inner_row\"  style=\"\"><div class=\"row-bg-wrap\"> <div class=\"row-bg\" ><\/div> <\/div><div class=\"row_col_wrap_12_inner col span_12  left\">\n\t<div  class=\"vc_col-sm-6 wpb_column column_container vc_column_container col child_column has-animation padding-3-percent inherit_tablet inherit_phone\"   data-padding-pos=\"top-bottom\" data-has-bg-color=\"false\" data-bg-color=\"\" data-bg-opacity=\"1\" data-animation=\"fade-in-from-bottom\" data-delay=\"0\" >\n\t\t<div class=\"vc_column-inner\" >\n\t\t<div class=\"wpb_wrapper\">\n\t\t\t\n<div class=\"wpb_text_column wpb_content_element  vc_custom_1774314760702\" >\n\t<div class=\"wpb_wrapper\">\n\t\t<p>Manuela Rossi en colaboraci\u00f3n con Fulana.<br \/>\nNos encantar\u00eda presentar esta propuesta, que creemos explora nuevas direcciones en la indumentaria de tango, con una perspectiva contempor\u00e1nea y a medida, dise\u00f1ada para aquellos que buscan su propio lenguaje.<\/p>\n\t<\/div>\n<\/div>\n\n\n\n\n\t\t<\/div> \n\t<\/div>\n\t<\/div> \n\n\t<div  class=\"vc_col-sm-6 wpb_column column_container vc_column_container col child_column has-animation padding-3-percent inherit_tablet inherit_phone\"   data-padding-pos=\"top-bottom\" data-has-bg-color=\"false\" data-bg-color=\"\" data-bg-opacity=\"1\" data-animation=\"fade-in-from-bottom\" data-delay=\"100\" >\n\t\t<div class=\"vc_column-inner\" >\n\t\t<div class=\"wpb_wrapper\">\n\t\t\t\n<div class=\"wpb_text_column wpb_content_element  vc_custom_1774314765268\" >\n\t<div class=\"wpb_wrapper\">\n\t\t<p>Una l\u00ednea comprometida con la innovaci\u00f3n, la individualidad y la versatilidad, que te ofrece prendas que te acompa\u00f1an tanto dentro como fuera de la pista de baile.<br \/>\nEsperamos que esta sea la primera de muchas colaboraciones juntos.<br \/>\n\u00a1Bienvenido!<\/p>\n\t<\/div>\n<\/div>\n\n\n\n\n\t\t<\/div> \n\t<\/div>\n\t<\/div> \n<\/div><\/div>\n\t\t\t<\/div> \n\t\t<\/div>\n\t<\/div> \n<\/div><\/div>","protected":false},"excerpt":{"rendered":"","protected":false},"author":1,"featured_media":0,"parent":0,"menu_order":0,"comment_status":"closed","ping_status":"closed","template":"","meta":{"footnotes":""},"class_list":["post-11304","page","type-page","status-publish"],"_links":{"self":[{"href":"https:\/\/fulanashoes.com\/ar\/wp-json\/wp\/v2\/pages\/11304","targetHints":{"allow":["GET"]}}],"collection":[{"href":"https:\/\/fulanashoes.com\/ar\/wp-json\/wp\/v2\/pages"}],"about":[{"href":"https:\/\/fulanashoes.com\/ar\/wp-json\/wp\/v2\/types\/page"}],"author":[{"embeddable":true,"href":"https:\/\/fulanashoes.com\/ar\/wp-json\/wp\/v2\/users\/1"}],"replies":[{"embeddable":true,"href":"https:\/\/fulanashoes.com\/ar\/wp-json\/wp\/v2\/comments?post=11304"}],"version-history":[{"count":7,"href":"https:\/\/fulanashoes.com\/ar\/wp-json\/wp\/v2\/pages\/11304\/revisions"}],"predecessor-version":[{"id":11313,"href":"https:\/\/fulanashoes.com\/ar\/wp-json\/wp\/v2\/pages\/11304\/revisions\/11313"}],"wp:attachment":[{"href":"https:\/\/fulanashoes.com\/ar\/wp-json\/wp\/v2\/media?parent=11304"}],"curies":[{"name":"wp","href":"https:\/\/api.w.org\/{rel}","templated":true}]}}