{"id":4105,"date":"2023-03-23T20:10:53","date_gmt":"2023-03-23T23:10:53","guid":{"rendered":"https:\/\/fulanashoes.com\/?page_id=4105"},"modified":"2026-04-14T23:28:23","modified_gmt":"2026-04-15T02:28:23","slug":"about-us","status":"publish","type":"page","link":"https:\/\/fulanashoes.com\/ar\/about-us\/","title":{"rendered":"Nosotras"},"content":{"rendered":"<div id=\"fws_69e021a016566\"  data-column-margin=\"default\" data-midnight=\"dark\"  class=\"wpb_row vc_row-fluid vc_row full-width-section  right_padding_10pct left_padding_10pct\"  style=\"padding-top: 0px; padding-bottom: 0px; \"><div class=\"row-bg-wrap\" data-bg-animation=\"none\" data-bg-animation-delay=\"\" data-bg-overlay=\"false\"><div class=\"inner-wrap row-bg-layer\" ><div class=\"row-bg viewport-desktop\"  style=\"\"><\/div><\/div><\/div><div class=\"row_col_wrap_12 col span_12 dark left\">\n\t<div  class=\"vc_col-sm-12 wpb_column column_container vc_column_container col no-extra-padding inherit_tablet inherit_phone\"  data-padding-pos=\"all\" data-has-bg-color=\"false\" data-bg-color=\"\" data-bg-opacity=\"1\" data-animation=\"\" data-delay=\"0\" >\n\t\t<div class=\"vc_column-inner\" >\n\t\t\t<div class=\"wpb_wrapper\">\n\t\t\t\t<div id=\"fws_69e021a01685c\" data-midnight=\"\" data-column-margin=\"default\" class=\"wpb_row vc_row-fluid vc_row inner_row\"  style=\"padding-bottom: 4%; \"><div class=\"row-bg-wrap\"> <div class=\"row-bg\" ><\/div> <\/div><div class=\"row_col_wrap_12_inner col span_12  left\">\n\t<div  class=\"vc_col-sm-12 wpb_column column_container vc_column_container col child_column centered-text no-extra-padding inherit_tablet inherit_phone\"   data-padding-pos=\"all\" data-has-bg-color=\"false\" data-bg-color=\"\" data-bg-opacity=\"1\" data-animation=\"\" data-delay=\"0\" >\n\t\t<div class=\"vc_column-inner\" >\n\t\t<div class=\"wpb_wrapper\">\n\t\t\t<div class=\"nectar-highlighted-text font_size_3vw font_size_tablet_6vw font_line_height_1-2\" data-style=\"none\" data-exp=\"default\" data-using-custom-color=\"false\" data-animation-delay=\"false\" data-color=\"\" data-color-gradient=\"\" style=\"\">\n<h1>Bienvenido<\/h1>\n<\/div>\n\t\t<\/div> \n\t<\/div>\n\t<\/div> \n<\/div><\/div>\n\t\t\t<\/div> \n\t\t<\/div>\n\t<\/div> \n<\/div><\/div>\n\t\t<div id=\"fws_69e021a016bc5\"  data-column-margin=\"custom\" data-midnight=\"dark\" data-top-percent=\"3%\" data-bottom-percent=\"12%\"  class=\"wpb_row vc_row-fluid vc_row full-width-content vc_row-o-equal-height vc_row-flex vc_row-o-content-middle  right_padding_7vw left_padding_7vw column-margin-7vw\"  style=\"padding-top: calc(100vw * 0.03); padding-bottom: calc(100vw * 0.12); \"><div class=\"row-bg-wrap\" data-bg-animation=\"none\" data-bg-animation-delay=\"\" data-bg-overlay=\"false\"><div class=\"inner-wrap row-bg-layer\" ><div class=\"row-bg viewport-desktop using-bg-color\"  style=\"background-color: #f8f8f8; \"><\/div><\/div><\/div><div class=\"row_col_wrap_12 col span_12 dark left\">\n\t<div  class=\"vc_col-sm-6 wpb_column column_container vc_column_container col left_padding_desktop_2vw\"  data-padding-pos=\"all\" data-has-bg-color=\"false\" data-bg-color=\"\" data-bg-opacity=\"1\" data-animation=\"\" data-delay=\"0\" >\n\t\t<div class=\"vc_column-inner\" >\n\t\t\t<div class=\"wpb_wrapper\">\n\t\t\t\t<div class=\"toggles accordion toggles--minimal-shadow\" data-br=\"none\" data-starting=\"default\" data-style=\"minimal\"><div class=\"toggle accent-color\" data-inner-wrap=\"true\"><h3 class=\"toggle-title\"><a href=\"#\" class=\"nectar-inherit-h3 toggle-heading\"><i class=\"fa fa-plus-circle\"><\/i>Hola<\/a><\/h3><div><div class=\"inner-toggle-wrap\">\n<div class=\"wpb_text_column wpb_content_element\" >\n\t<div class=\"wpb_wrapper\">\n\t\t<p class=\"et_pb_module_header\">Somos Florencia y Natalia. Bailarinas de tango argentino, amigas y compa\u00f1eras en esta aventura que tanto disfrutamos.<\/p>\n<p>Como bailarinas, siempre hemos sabido la importancia del calzado que acompa\u00f1a y realza nuestra actividad.<\/p>\n\t<\/div>\n<\/div>\n\n\n\n<\/div><\/div><\/div><div class=\"toggle accent-color\" data-inner-wrap=\"true\"><h3 class=\"toggle-title\"><a href=\"#\" class=\"nectar-inherit-h3 toggle-heading\"><i class=\"fa fa-plus-circle\"><\/i>Vimos<\/a><\/h3><div><div class=\"inner-toggle-wrap\">\n<div class=\"wpb_text_column wpb_content_element\" >\n\t<div class=\"wpb_wrapper\">\n\t\t<p class=\"et_pb_module_header\">que exist\u00eda una carencia en el mercado de un calzado vers\u00e1til acorde con la evoluci\u00f3n del papel de la mujer en el tango.<\/p>\n<div>\n<p class=\"et_pb_module_header\">Una mujer que no espera, sino que se abre camino por s\u00ed misma; una mujer en constante b\u00fasqueda de su crecimiento personal y profesional.<\/p>\n<\/div>\n\t<\/div>\n<\/div>\n\n\n\n<\/div><\/div><\/div><div class=\"toggle accent-color\" data-inner-wrap=\"true\"><h3 class=\"toggle-title\"><a href=\"#\" class=\"nectar-inherit-h3 toggle-heading\"><i class=\"fa fa-plus-circle\"><\/i>Nuestros zapatos<\/a><\/h3><div><div class=\"inner-toggle-wrap\">\n<div class=\"wpb_text_column wpb_content_element\" >\n\t<div class=\"wpb_wrapper\">\n\t\t<p class=\"et_pb_module_header\">Nuestros Zapatos est\u00e1n dise\u00f1ados exclusivamente para bailar,<br \/>\nHecho en Argentina con los mejores cueros, por artesanos del oficio, pensando en cada detalle y en cada ocasi\u00f3n.<br \/>\nPero sobre todo, pensando en la salud de nuestro cuerpo, expuesto a tantos a\u00f1os usando tacones altos.<\/p>\n<p class=\"et_pb_module_header\">Te invitamos a descubrir nuestro mundo, donde la calidad, el dise\u00f1o y el deseo de seguir creciendo son nuestra prioridad.<\/p>\n\t<\/div>\n<\/div>\n\n\n\n<\/div><\/div><\/div><\/div>\n\n\n\n\n\n\n\n\n\n\n\n\n\n\n\n\n\n\n\n\n\t\t\t<\/div> \n\t\t<\/div>\n\t<\/div> \n\n\t<div  class=\"vc_col-sm-6 wpb_column column_container vc_column_container col top_margin_tablet_10pct right_padding_desktop_2vw\"  data-padding-pos=\"all\" data-has-bg-color=\"false\" data-bg-color=\"\" data-bg-opacity=\"1\" data-animation=\"\" data-delay=\"0\" >\n\t\t<div class=\"vc_column-inner\" >\n\t\t\t<div class=\"wpb_wrapper\">\n\t\t\t\t<div id=\"fws_69e021a017380\" data-midnight=\"\" data-column-margin=\"default\" class=\"wpb_row vc_row-fluid vc_row inner_row\"  style=\"\"><div class=\"row-bg-wrap\"> <div class=\"row-bg\" ><\/div> <\/div><div class=\"row_col_wrap_12_inner col span_12  left\">\n\t<div style=\"\" class=\"vc_col-sm-12 wpb_column column_container vc_column_container col child_column no-extra-padding inherit_tablet inherit_phone col-overflow-hidden\"  data-using-bg=\"true\" data-border-radius=\"15px\" data-overlay-color=\"true\" data-padding-pos=\"all\" data-has-bg-color=\"true\" data-bg-color=\"#cf336e\" data-bg-opacity=\"1\" data-animation=\"\" data-delay=\"0\" >\n\t\t<div class=\"vc_column-inner\" ><div class=\"column-bg-overlay-wrap column-bg-layer\" data-bg-animation=\"none\"><div class=\"column-bg-overlay\" style=\"opacity: 1; background-color: #cf336e;\"><\/div><div class=\"column-overlay-layer\" style=\"\"><\/div><\/div>\n\t\t<div class=\"wpb_wrapper\">\n\t\t\t<div class=\"nectar-animated-shape width_desktop_65vw position_desktop_absolute top_position_desktop_0px left_position_desktop_0px bottom_position_desktop_0px translate_y_desktop_10pct translate_x_desktop_-50pct z_index_-1\"><div class=\"nectar-animated-shape__inner_wrap\" data-nectar-waypoint-el-offset=\"160%\" data-easing=\"easeInOutCubic\" data-animation=\"none\"><div class=\"nectar-animated-shape__inner\"><svg xmlns=\"http:\/\/www.w3.org\/2000\/svg\" viewbox=\"0 0 100 100\" width=\"100\" height=\"100\" preserveaspectratio=\"xMidYMid meet\" style=\"width: 100%; height: 100%;\"><circle cx=\"50\" cy=\"50\" r=\"50\" fill=\"#ffce59\" \/><\/svg><\/div><\/div><\/div><div class=\"img-with-aniamtion-wrap  nectar-el-parallax-scroll\" data-max-width=\"100%\" data-max-width-mobile=\"default\" data-shadow=\"custom\" data-animation=\"none\"  style=\"margin-top: 5%; margin-bottom: 0%; \"data-scroll-animation=\"true\" data-scroll-animation-movement=\"transform_y\" data-scroll-animation-mobile=\"\" data-scroll-animation-intensity=\"-0.8\" >\n      <div class=\"inner\">\n        <div class=\"hover-wrap\" style=\"filter: drop-shadow(-25px 5px 25px rgba(0,0,0,0));\"> \n          <div class=\"hover-wrap-inner\">\n            <img loading=\"lazy\" decoding=\"async\" class=\"img-with-animation skip-lazy\" data-delay=\"0\" height=\"2560\" width=\"1884\" data-animation=\"none\" src=\"https:\/\/fulanashoes.com\/wp-content\/uploads\/2021\/04\/MG-3619-scaled.jpg\" alt=\"\" srcset=\"https:\/\/fulanashoes.com\/wp-content\/uploads\/2021\/04\/MG-3619-scaled.jpg 1884w, https:\/\/fulanashoes.com\/wp-content\/uploads\/2021\/04\/MG-3619-scaled-600x815.jpg 600w, https:\/\/fulanashoes.com\/wp-content\/uploads\/2021\/04\/MG-3619-221x300.jpg 221w, https:\/\/fulanashoes.com\/wp-content\/uploads\/2021\/04\/MG-3619-754x1024.jpg 754w, https:\/\/fulanashoes.com\/wp-content\/uploads\/2021\/04\/MG-3619-768x1044.jpg 768w, https:\/\/fulanashoes.com\/wp-content\/uploads\/2021\/04\/MG-3619-1130x1536.jpg 1130w, https:\/\/fulanashoes.com\/wp-content\/uploads\/2021\/04\/MG-3619-1507x2048.jpg 1507w, https:\/\/fulanashoes.com\/wp-content\/uploads\/2021\/04\/MG-3619-1080x1468.jpg 1080w, https:\/\/fulanashoes.com\/wp-content\/uploads\/2021\/04\/MG-3619-1280x1739.jpg 1280w, https:\/\/fulanashoes.com\/wp-content\/uploads\/2021\/04\/MG-3619-980x1332.jpg 980w, https:\/\/fulanashoes.com\/wp-content\/uploads\/2021\/04\/MG-3619-480x652.jpg 480w\" sizes=\"auto, (max-width: 1884px) 100vw, 1884px\" \/>\n          <\/div>\n        <\/div>\n      <\/div>\n    <\/div>\n\t\t<\/div> \n\t<\/div>\n\t<\/div> \n<\/div><\/div>\n\t\t\t<\/div> \n\t\t<\/div>\n\t<\/div> \n<\/div><\/div>","protected":false},"excerpt":{"rendered":"Welcome Hi There We are Florencia and Natalia. Argentine tango dancers, friends and partners in this endeavor that we enjoy so much. As dancers, we always knew the importance of...","protected":false},"author":1,"featured_media":0,"parent":0,"menu_order":0,"comment_status":"closed","ping_status":"closed","template":"","meta":{"footnotes":""},"class_list":["post-4105","page","type-page","status-publish"],"_links":{"self":[{"href":"https:\/\/fulanashoes.com\/ar\/wp-json\/wp\/v2\/pages\/4105","targetHints":{"allow":["GET"]}}],"collection":[{"href":"https:\/\/fulanashoes.com\/ar\/wp-json\/wp\/v2\/pages"}],"about":[{"href":"https:\/\/fulanashoes.com\/ar\/wp-json\/wp\/v2\/types\/page"}],"author":[{"embeddable":true,"href":"https:\/\/fulanashoes.com\/ar\/wp-json\/wp\/v2\/users\/1"}],"replies":[{"embeddable":true,"href":"https:\/\/fulanashoes.com\/ar\/wp-json\/wp\/v2\/comments?post=4105"}],"version-history":[{"count":2,"href":"https:\/\/fulanashoes.com\/ar\/wp-json\/wp\/v2\/pages\/4105\/revisions"}],"predecessor-version":[{"id":11598,"href":"https:\/\/fulanashoes.com\/ar\/wp-json\/wp\/v2\/pages\/4105\/revisions\/11598"}],"wp:attachment":[{"href":"https:\/\/fulanashoes.com\/ar\/wp-json\/wp\/v2\/media?parent=4105"}],"curies":[{"name":"wp","href":"https:\/\/api.w.org\/{rel}","templated":true}]}}