{"id":8463,"date":"2024-04-15T10:55:32","date_gmt":"2024-04-15T13:55:32","guid":{"rendered":"https:\/\/fulanashoes.com\/?page_id=8463"},"modified":"2024-04-15T11:02:38","modified_gmt":"2024-04-15T14:02:38","slug":"accessories","status":"publish","type":"page","link":"https:\/\/fulanashoes.com\/ar\/accessories\/","title":{"rendered":"Accesorios"},"content":{"rendered":"<div id=\"fws_69e0238a6e64b\"  data-column-margin=\"default\" data-midnight=\"dark\"  class=\"wpb_row vc_row-fluid vc_row full-width-section\"  style=\"padding-top: 0px; padding-bottom: 5px; \"><div class=\"row-bg-wrap\" data-bg-animation=\"none\" data-bg-animation-delay=\"\" data-bg-overlay=\"false\"><div class=\"inner-wrap row-bg-layer\" ><div class=\"row-bg viewport-desktop using-bg-color\"  style=\"background-color: #ffffff; \"><\/div><\/div><\/div><div class=\"row_col_wrap_12 col span_12 dark left\">\n\t<div  class=\"vc_col-sm-12 wpb_column column_container vc_column_container col no-extra-padding inherit_tablet inherit_phone\"  data-padding-pos=\"all\" data-has-bg-color=\"false\" data-bg-color=\"\" data-bg-opacity=\"1\" data-animation=\"\" data-delay=\"0\" >\n\t\t<div class=\"vc_column-inner\" >\n\t\t\t<div class=\"wpb_wrapper\">\n\t\t\t\t<div id=\"fws_69e0238a6e8c6\" data-midnight=\"\" data-column-margin=\"default\" class=\"wpb_row vc_row-fluid vc_row inner_row\"  style=\"\"><div class=\"row-bg-wrap\"> <div class=\"row-bg\" ><\/div> <\/div><div class=\"row_col_wrap_12_inner col span_12  left\">\n\t<div  class=\"vc_col-sm-12 wpb_column column_container vc_column_container col child_column no-extra-padding inherit_tablet inherit_phone\"   data-padding-pos=\"all\" data-has-bg-color=\"false\" data-bg-color=\"\" data-bg-opacity=\"1\" data-animation=\"\" data-delay=\"0\" >\n\t\t<div class=\"vc_column-inner\" >\n\t\t<div class=\"wpb_wrapper\">\n\t\t\t<div class=\"nectar-split-heading\" data-align=\"default\" data-m-align=\"center\" data-text-effect=\"default\" data-animation-type=\"line-reveal-by-space\" data-animation-delay=\"0\" data-animation-offset=\"\" data-m-rm-animation=\"\" data-stagger=\"\" data-custom-font-size=\"false\" ><h1 style=\" color: #cf336e;\">Accesorios<\/h1><\/div>\n\t\t<\/div> \n\t<\/div>\n\t<\/div> \n<\/div><\/div>\n\t\t\t<\/div> \n\t\t<\/div>\n\t<\/div> \n<\/div><\/div>\n\t\t<div id=\"fws_69e0238a6eb19\"  data-column-margin=\"default\" data-midnight=\"dark\" data-top-percent=\"0%\" data-bottom-percent=\"0%\"  class=\"wpb_row vc_row-fluid vc_row full-width-section\"  style=\"padding-top: calc(100vw * 0.00); padding-bottom: calc(100vw * 0.00); \"><div class=\"row-bg-wrap\" data-bg-animation=\"none\" data-bg-animation-delay=\"\" data-bg-overlay=\"false\"><div class=\"inner-wrap row-bg-layer\" ><div class=\"row-bg viewport-desktop\"  style=\"\"><\/div><\/div><\/div><div class=\"row_col_wrap_12 col span_12 dark left\">\n\t<div  class=\"vc_col-sm-12 wpb_column column_container vc_column_container col no-extra-padding inherit_tablet inherit_phone\"  data-padding-pos=\"all\" data-has-bg-color=\"false\" data-bg-color=\"\" data-bg-opacity=\"1\" data-animation=\"\" data-delay=\"0\" >\n\t\t<div class=\"vc_column-inner\" >\n\t\t\t<div class=\"wpb_wrapper\">\n\t\t\t\t<div class=\"woocommerce columns-4\">\n\t\t\n\t\t\n\t\t\n  <ul class=\"products columns-4\" data-n-lazy=\"off\" data-rm-m-hover=\"off\" data-n-desktop-columns=\"4\" data-n-desktop-small-columns=\"3\" data-n-tablet-columns=\"default\" data-n-phone-columns=\"default\" data-product-style=\"classic\">\n\n\n\n\t\t\t\n\t\t\t\t\n\t<li class=\"classic product type-product post-8138 status-publish first instock product_cat-accessories has-post-thumbnail shipping-taxable purchasable product-type-variable\" >\n\n\n\t\n\n\t\t\t   <div class=\"product-wrap\">\n\t\t\t<a href=\"https:\/\/fulanashoes.com\/ar\/producto\/belts\/\"><img loading=\"lazy\" decoding=\"async\" width=\"300\" height=\"300\" src=\"https:\/\/fulanashoes.com\/wp-content\/uploads\/2025\/03\/Fulanafotos-7-300x300.webp\" class=\"attachment-woocommerce_thumbnail size-woocommerce_thumbnail\" alt=\"Belts\" srcset=\"https:\/\/fulanashoes.com\/wp-content\/uploads\/2025\/03\/Fulanafotos-7-300x300.webp 300w, https:\/\/fulanashoes.com\/wp-content\/uploads\/2025\/03\/Fulanafotos-7-150x150.webp 150w, https:\/\/fulanashoes.com\/wp-content\/uploads\/2025\/03\/Fulanafotos-7-100x100.webp 100w, https:\/\/fulanashoes.com\/wp-content\/uploads\/2025\/03\/Fulanafotos-7-140x140.webp 140w, https:\/\/fulanashoes.com\/wp-content\/uploads\/2025\/03\/Fulanafotos-7-500x500.webp 500w, https:\/\/fulanashoes.com\/wp-content\/uploads\/2025\/03\/Fulanafotos-7-350x350.webp 350w, https:\/\/fulanashoes.com\/wp-content\/uploads\/2025\/03\/Fulanafotos-7-1000x1000.webp 1000w, https:\/\/fulanashoes.com\/wp-content\/uploads\/2025\/03\/Fulanafotos-7-800x800.webp 800w\" sizes=\"auto, (max-width: 300px) 100vw, 300px\" \/><\/a>\n\t\t\t<div class=\"product-add-to-cart\" data-nectar-quickview=\"false\"><a href=\"https:\/\/fulanashoes.com\/ar\/producto\/belts\/\" data-quantity=\"1\" class=\"button product_type_variable add_to_cart_button\" data-product_id=\"8138\" data-product_sku=\"\" aria-label=\"Eleg\u00ed las opciones para \u201cBelts\u201d\" rel=\"nofollow\" data-no-translation=\"\" data-trp-gettext=\"\" data-no-translation-aria-label=\"\">Seleccionar opciones<\/a><\/div>\t\t   <\/div>\n\t\t\t\t\n\t  \n\n\t\t<h2 class=\"woocommerce-loop-product__title\">Cintos<\/h2>\n\t<span class=\"price\">\t\t<span class=\"tiered-pricing-dynamic-price-wrapper tiered-pricing-dynamic-price-wrapper--variable\"\n\t\t\t  data-display-context=\"shop-loop\"\n\t\t\t  data-price-type=\"dynamic\"\n\t\t\t  data-product-id=\"8138\"\n\t\t\t  data-parent-id=\"8138\">\n\t\t\t<span class=\"woocommerce-Price-amount amount\"><bdi><span class=\"woocommerce-Price-currencySymbol\">$<\/span>20<\/bdi><\/span><\/span><\/span>\n\n\t\n\n\t\n<\/li>\n\t\t\t\n\t\t\t\t\n\t<li class=\"classic product type-product post-8262 status-publish instock product_cat-accessories has-post-thumbnail shipping-taxable purchasable product-type-variable\" >\n\n\n\t\n\n\t\t\t   <div class=\"product-wrap\">\n\t\t\t<a href=\"https:\/\/fulanashoes.com\/ar\/producto\/fringes\/\"><img loading=\"lazy\" decoding=\"async\" width=\"300\" height=\"300\" src=\"https:\/\/fulanashoes.com\/wp-content\/uploads\/2024\/04\/Fleco-plane-charol-celeste2-300x300.webp\" class=\"attachment-woocommerce_thumbnail size-woocommerce_thumbnail\" alt=\"Fringes\" srcset=\"https:\/\/fulanashoes.com\/wp-content\/uploads\/2024\/04\/Fleco-plane-charol-celeste2-300x300.webp 300w, https:\/\/fulanashoes.com\/wp-content\/uploads\/2024\/04\/Fleco-plane-charol-celeste2-150x150.webp 150w, https:\/\/fulanashoes.com\/wp-content\/uploads\/2024\/04\/Fleco-plane-charol-celeste2-100x100.webp 100w, https:\/\/fulanashoes.com\/wp-content\/uploads\/2024\/04\/Fleco-plane-charol-celeste2-140x140.webp 140w, https:\/\/fulanashoes.com\/wp-content\/uploads\/2024\/04\/Fleco-plane-charol-celeste2-500x500.webp 500w, https:\/\/fulanashoes.com\/wp-content\/uploads\/2024\/04\/Fleco-plane-charol-celeste2-350x350.webp 350w, https:\/\/fulanashoes.com\/wp-content\/uploads\/2024\/04\/Fleco-plane-charol-celeste2-800x800.webp 800w\" sizes=\"auto, (max-width: 300px) 100vw, 300px\" \/><\/a>\n\t\t\t<div class=\"product-add-to-cart\" data-nectar-quickview=\"false\"><a href=\"https:\/\/fulanashoes.com\/ar\/producto\/fringes\/\" data-quantity=\"1\" class=\"button product_type_variable add_to_cart_button\" data-product_id=\"8262\" data-product_sku=\"\" aria-label=\"Eleg\u00ed las opciones para \u201cFringes\u201d\" rel=\"nofollow\" data-no-translation=\"\" data-trp-gettext=\"\" data-no-translation-aria-label=\"\">Seleccionar opciones<\/a><\/div>\t\t   <\/div>\n\t\t\t\t\n\t  \n\n\t\t<h2 class=\"woocommerce-loop-product__title\">Flecos<\/h2>\n\t<span class=\"price\">\t\t<span class=\"tiered-pricing-dynamic-price-wrapper tiered-pricing-dynamic-price-wrapper--variable\"\n\t\t\t  data-display-context=\"shop-loop\"\n\t\t\t  data-price-type=\"dynamic\"\n\t\t\t  data-product-id=\"8262\"\n\t\t\t  data-parent-id=\"8262\">\n\t\t\t<span class=\"woocommerce-Price-amount amount\"><bdi><span class=\"woocommerce-Price-currencySymbol\">$<\/span>20<\/bdi><\/span><\/span><\/span>\n\n\t\n\n\t\n<\/li>\n\t\t\t\n\t\t\t\t\n\t<li class=\"classic product type-product post-8245 status-publish instock product_cat-accessories has-post-thumbnail shipping-taxable purchasable product-type-variable\" >\n\n\n\t\n\n\t\t\t   <div class=\"product-wrap\">\n\t\t\t<a href=\"https:\/\/fulanashoes.com\/ar\/producto\/shoe-laces\/\"><img loading=\"lazy\" decoding=\"async\" width=\"300\" height=\"300\" src=\"https:\/\/fulanashoes.com\/wp-content\/uploads\/2024\/04\/Cordones-terciopelo-todos-los-colores-1-300x300.webp\" class=\"attachment-woocommerce_thumbnail size-woocommerce_thumbnail\" alt=\"Shoe laces\" srcset=\"https:\/\/fulanashoes.com\/wp-content\/uploads\/2024\/04\/Cordones-terciopelo-todos-los-colores-1-300x300.webp 300w, https:\/\/fulanashoes.com\/wp-content\/uploads\/2024\/04\/Cordones-terciopelo-todos-los-colores-1-150x150.webp 150w, https:\/\/fulanashoes.com\/wp-content\/uploads\/2024\/04\/Cordones-terciopelo-todos-los-colores-1-600x600.webp 600w, https:\/\/fulanashoes.com\/wp-content\/uploads\/2024\/04\/Cordones-terciopelo-todos-los-colores-1-768x768.webp 768w, https:\/\/fulanashoes.com\/wp-content\/uploads\/2024\/04\/Cordones-terciopelo-todos-los-colores-1-100x100.webp 100w, https:\/\/fulanashoes.com\/wp-content\/uploads\/2024\/04\/Cordones-terciopelo-todos-los-colores-1-140x140.webp 140w, https:\/\/fulanashoes.com\/wp-content\/uploads\/2024\/04\/Cordones-terciopelo-todos-los-colores-1-500x500.webp 500w, https:\/\/fulanashoes.com\/wp-content\/uploads\/2024\/04\/Cordones-terciopelo-todos-los-colores-1-350x350.webp 350w, https:\/\/fulanashoes.com\/wp-content\/uploads\/2024\/04\/Cordones-terciopelo-todos-los-colores-1-800x800.webp 800w, https:\/\/fulanashoes.com\/wp-content\/uploads\/2024\/04\/Cordones-terciopelo-todos-los-colores-1.webp 1000w\" sizes=\"auto, (max-width: 300px) 100vw, 300px\" \/><\/a>\n\t\t\t<div class=\"product-add-to-cart\" data-nectar-quickview=\"false\"><a href=\"https:\/\/fulanashoes.com\/ar\/producto\/shoe-laces\/\" data-quantity=\"1\" class=\"button product_type_variable add_to_cart_button\" data-product_id=\"8245\" data-product_sku=\"\" aria-label=\"Eleg\u00ed las opciones para \u201cShoe laces\u201d\" rel=\"nofollow\" data-no-translation=\"\" data-trp-gettext=\"\" data-no-translation-aria-label=\"\">Seleccionar opciones<\/a><\/div>\t\t   <\/div>\n\t\t\t\t\n\t  \n\n\t\t<h2 class=\"woocommerce-loop-product__title\">Cordones<\/h2>\n\t<span class=\"price\">\t\t<span class=\"tiered-pricing-dynamic-price-wrapper tiered-pricing-dynamic-price-wrapper--variable\"\n\t\t\t  data-display-context=\"shop-loop\"\n\t\t\t  data-price-type=\"dynamic\"\n\t\t\t  data-product-id=\"8245\"\n\t\t\t  data-parent-id=\"8245\">\n\t\t\t<span class=\"woocommerce-Price-amount amount\"><bdi><span class=\"woocommerce-Price-currencySymbol\">$<\/span>10<\/bdi><\/span><\/span><\/span>\n\n\t\n\n\t\n<\/li>\n\t\t\t\n\t\t<\/ul>\n\n\t\t\n\t<\/div>\n\t\t\t<\/div> \n\t\t<\/div>\n\t<\/div> \n<\/div><\/div>\n\t\t<div id=\"fws_69e0238a742ba\"  data-column-margin=\"default\" data-midnight=\"dark\"  class=\"wpb_row vc_row-fluid vc_row\"  style=\"padding-top: 0px; padding-bottom: 0px; \"><div class=\"row-bg-wrap\" data-bg-animation=\"none\" data-bg-animation-delay=\"\" data-bg-overlay=\"false\"><div class=\"inner-wrap row-bg-layer\" ><div class=\"row-bg viewport-desktop\"  style=\"\"><\/div><\/div><\/div><div class=\"row_col_wrap_12 col span_12 dark left\">\n\t<div  class=\"vc_col-sm-12 wpb_column column_container vc_column_container col no-extra-padding inherit_tablet inherit_phone\"  data-padding-pos=\"all\" data-has-bg-color=\"false\" data-bg-color=\"\" data-bg-opacity=\"1\" data-animation=\"\" data-delay=\"0\" >\n\t\t<div class=\"vc_column-inner\" >\n\t\t\t<div class=\"wpb_wrapper\">\n\t\t\t\t<div id=\"fws_69e0238a743d2\" data-midnight=\"\" data-column-margin=\"default\" class=\"wpb_row vc_row-fluid vc_row inner_row\"  style=\"\"><div class=\"row-bg-wrap\"> <div class=\"row-bg\" ><\/div> <\/div><div class=\"row_col_wrap_12_inner col span_12  left\">\n\t<div  class=\"vc_col-sm-6 wpb_column column_container vc_column_container col child_column has-animation padding-3-percent inherit_tablet inherit_phone\"   data-padding-pos=\"top-bottom\" data-has-bg-color=\"false\" data-bg-color=\"\" data-bg-opacity=\"1\" data-animation=\"fade-in-from-bottom\" data-delay=\"0\" >\n\t\t<div class=\"vc_column-inner\" >\n\t\t<div class=\"wpb_wrapper\">\n\t\t\t\n<div class=\"wpb_text_column wpb_content_element  vc_custom_1713189716929\" >\n\t<div class=\"wpb_wrapper\">\n\t\t<p><span style=\"font-weight: 400;\">Forma parte del proceso de dise\u00f1o de tus zapatos favoritos. Nuestra l\u00ednea de flecos, cinturones y cordones removibles te permite personalizar tu calzado, agregar tu toque \u00fanico y asegurar el ajuste perfecto para mayor comodidad.<\/span><\/p>\n\t<\/div>\n<\/div>\n\n\n\n\n\t\t<\/div> \n\t<\/div>\n\t<\/div> \n\n\t<div  class=\"vc_col-sm-6 wpb_column column_container vc_column_container col child_column has-animation padding-3-percent inherit_tablet inherit_phone\"   data-padding-pos=\"top-bottom\" data-has-bg-color=\"false\" data-bg-color=\"\" data-bg-opacity=\"1\" data-animation=\"fade-in-from-bottom\" data-delay=\"100\" >\n\t\t<div class=\"vc_column-inner\" >\n\t\t<div class=\"wpb_wrapper\">\n\t\t\t\n<div class=\"wpb_text_column wpb_content_element  vc_custom_1713189733485\" >\n\t<div class=\"wpb_wrapper\">\n\t\t<p><span style=\"font-weight: 400;\">Crea m\u00faltiples combinaciones y transforma tus zapatos en algo diferente cada d\u00eda. Insp\u00edrate con tu estilo y descubre todas las posibilidades que tenemos para ti en Fulana.<\/span><\/p>\n\t<\/div>\n<\/div>\n\n\n\n\n\t\t<\/div> \n\t<\/div>\n\t<\/div> \n<\/div><\/div>\n\t\t\t<\/div> \n\t\t<\/div>\n\t<\/div> \n<\/div><\/div>\n\t\t<div id=\"fws_69e0238a746fb\"  data-column-margin=\"default\" data-midnight=\"dark\"  class=\"wpb_row vc_row-fluid vc_row\"  style=\"padding-top: 0px; padding-bottom: 0px; \"><div class=\"row-bg-wrap\" data-bg-animation=\"none\" data-bg-animation-delay=\"\" data-bg-overlay=\"false\"><div class=\"inner-wrap row-bg-layer\" ><div class=\"row-bg viewport-desktop\"  style=\"\"><\/div><\/div><\/div><div class=\"row_col_wrap_12 col span_12 dark left\">\n\t<div  class=\"vc_col-sm-3 vc_hidden-sm vc_hidden-xs wpb_column column_container vc_column_container col no-extra-padding inherit_tablet inherit_phone\"  data-padding-pos=\"all\" data-has-bg-color=\"false\" data-bg-color=\"\" data-bg-opacity=\"1\" data-animation=\"\" data-delay=\"0\" >\n\t\t<div class=\"vc_column-inner\" >\n\t\t\t<div class=\"wpb_wrapper\">\n\t\t\t\t\n\t\t\t<\/div> \n\t\t<\/div>\n\t<\/div> \n\n\t<div  class=\"vc_col-sm-6 wpb_column column_container vc_column_container col no-extra-padding inherit_tablet inherit_phone\"  data-padding-pos=\"all\" data-has-bg-color=\"false\" data-bg-color=\"\" data-bg-opacity=\"1\" data-animation=\"\" data-delay=\"0\" >\n\t\t<div class=\"vc_column-inner\" >\n\t\t\t<div class=\"wpb_wrapper\">\n\t\t\t\t\n\t\t\t<\/div> \n\t\t<\/div>\n\t<\/div> \n\n\t<div  class=\"vc_col-sm-3 vc_hidden-sm vc_hidden-xs wpb_column column_container vc_column_container col no-extra-padding inherit_tablet inherit_phone\"  data-padding-pos=\"all\" data-has-bg-color=\"false\" data-bg-color=\"\" data-bg-opacity=\"1\" data-animation=\"\" data-delay=\"0\" >\n\t\t<div class=\"vc_column-inner\" >\n\t\t\t<div class=\"wpb_wrapper\">\n\t\t\t\t\n\t\t\t<\/div> \n\t\t<\/div>\n\t<\/div> \n<\/div><\/div>","protected":false},"excerpt":{"rendered":"Upgrade your style with our belt promotion! Get one for $5 or three for just $10. Don't miss out on this stylish deal! Visit us today.","protected":false},"author":1,"featured_media":0,"parent":0,"menu_order":0,"comment_status":"closed","ping_status":"closed","template":"","meta":{"footnotes":""},"class_list":["post-8463","page","type-page","status-publish"],"_links":{"self":[{"href":"https:\/\/fulanashoes.com\/ar\/wp-json\/wp\/v2\/pages\/8463","targetHints":{"allow":["GET"]}}],"collection":[{"href":"https:\/\/fulanashoes.com\/ar\/wp-json\/wp\/v2\/pages"}],"about":[{"href":"https:\/\/fulanashoes.com\/ar\/wp-json\/wp\/v2\/types\/page"}],"author":[{"embeddable":true,"href":"https:\/\/fulanashoes.com\/ar\/wp-json\/wp\/v2\/users\/1"}],"replies":[{"embeddable":true,"href":"https:\/\/fulanashoes.com\/ar\/wp-json\/wp\/v2\/comments?post=8463"}],"version-history":[{"count":0,"href":"https:\/\/fulanashoes.com\/ar\/wp-json\/wp\/v2\/pages\/8463\/revisions"}],"wp:attachment":[{"href":"https:\/\/fulanashoes.com\/ar\/wp-json\/wp\/v2\/media?parent=8463"}],"curies":[{"name":"wp","href":"https:\/\/api.w.org\/{rel}","templated":true}]}}