{"id":11134,"date":"2025-12-02T23:00:35","date_gmt":"2025-12-03T02:00:35","guid":{"rendered":"https:\/\/fulanashoes.com\/?post_type=product&#038;p=11134"},"modified":"2026-04-14T19:30:10","modified_gmt":"2026-04-14T22:30:10","slug":"ballerina-booties-red-suede","status":"publish","type":"product","link":"https:\/\/fulanashoes.com\/ar\/producto\/ballerina-booties-red-suede\/","title":{"rendered":"Bailarina Botines \/ Ante Rojo"},"content":{"rendered":"<p>Nuestra versi\u00f3n de las siempre queridas bailarinas.<\/p>\n<p>S\u00faper c\u00f3modas, ligeras y muy a la moda, con un toque de sofisticaci\u00f3n que te hace sentir seguro en cada paso.<\/p>\n<p>Estamos seguros de que se convertir\u00e1n en tus zapatos de baile favoritos.<\/p>\n<p>Super comfy and soft red suede.<\/p>\n<p>Suave almohadilla del tal\u00f3n.<\/p>\n<p>Alta densidad de la plantilla de la almohadilla.<\/p>\n<p>Suela de cuero partido para mayor flexibilidad. Taco de goma de 2,5 cm de altura.<\/p>\n<p>Se pueden usar en interiores o al aire libre.<\/p>\n<p>La talla es la correcta.<\/p>","protected":false},"excerpt":{"rendered":"<p>Our version of the always beloved ballerinas. Super comfortable, ligh and very fashionable with a touch of sophistication that makes every step feel confident. We know for sure, that they&#8230;<\/p>","protected":false},"featured_media":11107,"template":"","meta":[],"product_brand":[],"product_cat":[120],"product_tag":[],"class_list":{"0":"post-11134","1":"product","2":"type-product","3":"status-publish","4":"has-post-thumbnail","6":"product_cat-ballerinas","8":"first","9":"instock","10":"shipping-taxable","11":"purchasable","12":"product-type-variable"},"tiered_pricing_type":"fixed","tiered_pricing_fixed_rules":[],"tiered_pricing_product_settings":{"layout":"default","base_unit_name":{"singular":null,"plural":null},"default_variation":null},"tiered_pricing_minimum_quantity":null,"tiered_pricing_roles_data":[],"tiered_pricing_percentage_rules":[],"_links":{"self":[{"href":"https:\/\/fulanashoes.com\/ar\/wp-json\/wp\/v2\/product\/11134","targetHints":{"allow":["GET"]}}],"collection":[{"href":"https:\/\/fulanashoes.com\/ar\/wp-json\/wp\/v2\/product"}],"about":[{"href":"https:\/\/fulanashoes.com\/ar\/wp-json\/wp\/v2\/types\/product"}],"wp:featuredmedia":[{"embeddable":true,"href":"https:\/\/fulanashoes.com\/ar\/wp-json\/wp\/v2\/media\/11107"}],"wp:attachment":[{"href":"https:\/\/fulanashoes.com\/ar\/wp-json\/wp\/v2\/media?parent=11134"}],"wp:term":[{"taxonomy":"product_brand","embeddable":true,"href":"https:\/\/fulanashoes.com\/ar\/wp-json\/wp\/v2\/product_brand?post=11134"},{"taxonomy":"product_cat","embeddable":true,"href":"https:\/\/fulanashoes.com\/ar\/wp-json\/wp\/v2\/product_cat?post=11134"},{"taxonomy":"product_tag","embeddable":true,"href":"https:\/\/fulanashoes.com\/ar\/wp-json\/wp\/v2\/product_tag?post=11134"}],"curies":[{"name":"wp","href":"https:\/\/api.w.org\/{rel}","templated":true}]}}