{"id":11621,"date":"2026-04-15T21:53:41","date_gmt":"2026-04-16T00:53:41","guid":{"rendered":"https:\/\/fulanashoes.com\/?post_type=product&#038;p=11621"},"modified":"2026-04-15T22:03:16","modified_gmt":"2026-04-16T01:03:16","slug":"pantalon-sastrero","status":"publish","type":"product","link":"https:\/\/fulanashoes.com\/ar\/producto\/pantalon-sastrero\/","title":{"rendered":"Pantal\u00f3n Sastrero"},"content":{"rendered":"<div data-test-render-count=\"2\">\n<div class=\"group\">\n<div class=\"contents\">\n<div class=\"group relative relative pb-3\" data-is-streaming=\"false\">\n<div class=\"font-claude-response relative leading-[1.65rem] [&amp;_pre&gt;div]:bg-bg-000\/50 [&amp;_pre&gt;div]:border-0.5 [&amp;_pre&gt;div]:border-border-400 [&amp;_.ignore-pre-bg&gt;div]:bg-transparent [&amp;_.standard-markdown_:is(p,blockquote,h1,h2,h3,h4,h5,h6)]:pl-2 [&amp;_.standard-markdown_:is(p,blockquote,ul,ol,h1,h2,h3,h4,h5,h6)]:pr-8 [&amp;_.progressive-markdown_:is(p,blockquote,h1,h2,h3,h4,h5,h6)]:pl-2 [&amp;_.progressive-markdown_:is(p,blockquote,ul,ol,h1,h2,h3,h4,h5,h6)]:pr-8\">\n<div>\n<div class=\"standard-markdown grid-cols-1 grid [&amp;_&gt;_*]:min-w-0 gap-3 standard-markdown\">\n<p class=\"font-claude-response-body break-words whitespace-normal leading-[1.7]\">A classic reinvented with its own character. These tailored trousers in black are crafted from a superior quality fabric: lightweight, soft to the touch, with an impeccable drape that follows your movement.<\/p>\n<p class=\"font-claude-response-body break-words whitespace-normal leading-[1.7]\">The tailored waistband defines the silhouette and ensures a comfortable, flattering fit. The difference is in the details: calf-height loops that allow you to restyle the garment and transform it according to your style.<\/p>\n<p class=\"font-claude-response-body break-words whitespace-normal leading-[1.7]\">Includes black ties to adjust the length and create different effects \u2014 shorter, gathered or straight \u2014 but you can also replace them with scarves, belts, or anything else you want to add. A versatile piece, designed to adapt to you, not the other way around.<\/p>\n<p>Pantal\u00f3n Sastrero Negro<\/p>\n<p>Un cl\u00e1sico reinventado con car\u00e1cter propio. Este pantal\u00f3n sastrero en color negro est\u00e1 confeccionado en una tela de calidad superior: liviana, suave al tacto y con una ca\u00edda impecable que acompa\u00f1a el movimiento.<\/p>\n<p>Su cinturera sastrera define la silueta y asegura un calce c\u00f3modo y favorecedor. El diferencial est\u00e1 en los detalles: pasadores a la altura de las pantorrillas que permiten intervenir la prenda y transformarla seg\u00fan tu estilo.<\/p>\n<p>Incluye tiras negras para ajustar el largo y generar distintos efectos \u2014m\u00e1s corto, fruncido o recto\u2014, pero tambi\u00e9n pod\u00e9s reemplazarlas por pa\u00f1uelos, cintos o lo que quieras sumar. Una prenda vers\u00e1til, pensada para adaptarse a vos y no al rev\u00e9s.<\/p>\n<\/div>\n<\/div>\n<\/div>\n<\/div>\n<\/div>\n<div class=\"flex justify-start opacity-0 group-hover:opacity-100 group-focus-within:opacity-100 transition\" role=\"group\" aria-label=\"Message actions\">\n<div class=\"text-text-300\">\n<div class=\"text-text-300 flex items-stretch justify-between\">\n<div class=\"w-fit\" data-state=\"closed\">\n<div class=\"relative text-text-500 group-hover\/btn:text-text-100\">\n<div class=\"transition-all opacity-100 scale-100\"><\/div>\n<div class=\"absolute top-0 left-0 transition-all opacity-0 scale-50\"><\/div>\n<\/div>\n<\/div>\n<div class=\"w-fit\" data-state=\"closed\">\n<div class=\"text-text-500 group-hover\/btn:text-text-100\"><\/div>\n<\/div>\n<div class=\"w-fit\" data-state=\"closed\">\n<div class=\"text-text-500 group-hover\/btn:text-text-100\"><\/div>\n<\/div>\n<div class=\"flex items-center\">\n<div class=\"w-fit\" data-state=\"closed\">\n<div class=\"text-text-500 group-hover\/btn:text-text-100\"><\/div>\n<\/div>\n<\/div>\n<\/div>\n<\/div>\n<\/div>\n<\/div>\n<\/div>\n<div data-test-render-count=\"2\">\n<div class=\"mb-1 mt-6 group\">\n<div class=\"flex flex-col items-end gap-1\">\n<div class=\"group relative inline-flex gap-2 bg-bg-300 rounded-xl pl-2.5 py-2.5 break-words text-text-100 transition-all max-w-[75ch] flex-col !px-4 max-w-[85%]\">\n<div class=\"flex flex-row gap-2 relative\">\n<div class=\"flex-1\">\n<div class=\"font-large !font-user-message grid grid-cols-1 gap-2 py-0.5 relative [&amp;_ul]:!space-y-0 [&amp;_ol]:!space-y-0 [&amp;_ul]:pl-8 [&amp;_ol]:pl-8\" data-testid=\"user-message\">\n<p class=\"whitespace-pre-wrap break-words\">\n<\/div>\n<\/div>\n<\/div>\n<\/div>\n<\/div>\n<\/div>\n<\/div>\n","protected":false},"excerpt":{"rendered":"<p>A classic reinvented with its own character. These tailored trousers in black are crafted from a superior quality fabric: lightweight, soft to the touch, with an impeccable drape that follows&#8230;<\/p>","protected":false},"featured_media":11626,"template":"","meta":[],"product_brand":[],"product_cat":[109],"product_tag":[],"class_list":{"0":"post-11621","1":"product","2":"type-product","3":"status-publish","4":"has-post-thumbnail","6":"product_cat-manuela-rossi-fulana","8":"first","9":"instock","10":"shipping-taxable","11":"purchasable","12":"product-type-variable"},"tiered_pricing_type":"fixed","tiered_pricing_fixed_rules":[],"tiered_pricing_product_settings":{"layout":"default","base_unit_name":{"singular":null,"plural":null},"default_variation":null},"tiered_pricing_minimum_quantity":null,"tiered_pricing_roles_data":[],"tiered_pricing_percentage_rules":[],"_links":{"self":[{"href":"https:\/\/fulanashoes.com\/ar\/wp-json\/wp\/v2\/product\/11621","targetHints":{"allow":["GET"]}}],"collection":[{"href":"https:\/\/fulanashoes.com\/ar\/wp-json\/wp\/v2\/product"}],"about":[{"href":"https:\/\/fulanashoes.com\/ar\/wp-json\/wp\/v2\/types\/product"}],"wp:featuredmedia":[{"embeddable":true,"href":"https:\/\/fulanashoes.com\/ar\/wp-json\/wp\/v2\/media\/11626"}],"wp:attachment":[{"href":"https:\/\/fulanashoes.com\/ar\/wp-json\/wp\/v2\/media?parent=11621"}],"wp:term":[{"taxonomy":"product_brand","embeddable":true,"href":"https:\/\/fulanashoes.com\/ar\/wp-json\/wp\/v2\/product_brand?post=11621"},{"taxonomy":"product_cat","embeddable":true,"href":"https:\/\/fulanashoes.com\/ar\/wp-json\/wp\/v2\/product_cat?post=11621"},{"taxonomy":"product_tag","embeddable":true,"href":"https:\/\/fulanashoes.com\/ar\/wp-json\/wp\/v2\/product_tag?post=11621"}],"curies":[{"name":"wp","href":"https:\/\/api.w.org\/{rel}","templated":true}]}}