{"id":11682,"date":"2026-04-16T23:40:26","date_gmt":"2026-04-17T02:40:26","guid":{"rendered":"https:\/\/fulanashoes.com\/?post_type=product&#038;p=11682"},"modified":"2026-04-16T23:48:30","modified_gmt":"2026-04-17T02:48:30","slug":"canvas-boot-grey","status":"publish","type":"product","link":"https:\/\/fulanashoes.com\/ar\/producto\/canvas-boot-grey\/","title":{"rendered":"Botas de lona grises"},"content":{"rendered":"<div id=\"fws_69e733982afa1\"  data-column-margin=\"default\" data-midnight=\"dark\"  class=\"wpb_row vc_row-fluid vc_row\"  style=\"padding-top: 0px; padding-bottom: 0px; \"><div class=\"row-bg-wrap\" data-bg-animation=\"none\" data-bg-animation-delay=\"\" data-bg-overlay=\"false\"><div class=\"inner-wrap row-bg-layer\" ><div class=\"row-bg viewport-desktop\"  style=\"\"><\/div><\/div><\/div><div class=\"row_col_wrap_12 col span_12 dark left\">\n\t<div  class=\"vc_col-sm-12 wpb_column column_container vc_column_container col no-extra-padding inherit_tablet inherit_phone\"  data-padding-pos=\"all\" data-has-bg-color=\"false\" data-bg-color=\"\" data-bg-opacity=\"1\" data-animation=\"\" data-delay=\"0\" >\n\t\t<div class=\"vc_column-inner\" >\n\t\t\t<div class=\"wpb_wrapper\">\n\t\t\t\t\n<div class=\"wpb_text_column wpb_content_element\" >\n\t<div class=\"wpb_wrapper\">\n\t\t<p>Dise\u00f1adas para el uso diario, las botas de lona de Fulana combinan el estilo urbano con la comodidad que las caracteriza.<br \/>\nLa parte superior de punto con detalles de piel ofrece flexibilidad, ligereza y un ajuste natural. La suela de goma antideslizante y la plantilla acolchada y transpirable brindan estabilidad y comodidad duradera durante todo el d\u00eda.<br \/>\nF\u00e1ciles de llevar, como un calcet\u00edn, y lo suficientemente vers\u00e1tiles para cualquier look urbano. Comodidad y estilo garantizados por Fulana.<\/p>\n<p>Aviso: puedes pon\u00e9rtelos y quit\u00e1rtelos como si fueran un calcet\u00edn en dos segundos.<\/p>\n<p>Te van a encantar y los usar\u00e1s en todas partes.<\/p>\n<p>&nbsp;<\/p>\n<div data-test-render-count=\"2\">\n<div class=\"group\">\n<div class=\"flex justify-start opacity-0 group-hover:opacity-100 group-focus-within:opacity-100 transition\" role=\"group\" aria-label=\"Acciones del mensaje\">\n<div class=\"text-text-300\">\n<div class=\"text-text-300 flex items-stretch justify-between\">\n<div class=\"w-fit\" data-state=\"closed\">\n<div class=\"relative text-text-500 group-hover\/btn:text-text-100\">\n<div class=\"absolute top-0 left-0 transition-all opacity-0 scale-50\">Combinamos este material deportivo (liviano y flexible que se adapta a la forma de tu pie), con la durabilidad y elegancia del cuero. Dando como resultado este calzado vers\u00e1til, comodisimo y s\u00faper canchero.<\/div>\n<\/div>\n<\/div>\n<\/div>\n<\/div>\n<\/div>\n<\/div>\n<\/div>\n<p>Suela de goma<\/p>\n<p>Plantilla alcoh\u00f3lica.<\/p>\n<p>Alerta de spoiler: te la sacas y pones como una media en dos segundos. Las vas a amar y usar para todo.<\/p>\n<p>Podes personalizarlas con nuestros cinturones, en la secci\u00f3n de accesorios.<\/p>\n<p>&nbsp;<\/p>\n\t<\/div>\n<\/div>\n\n\n\n\n\t\t\t<\/div> \n\t\t<\/div>\n\t<\/div> \n<\/div><\/div>\n\t\t<div id=\"fws_69e733982b3e4\"  data-column-margin=\"default\" data-midnight=\"dark\"  class=\"wpb_row vc_row-fluid vc_row\"  style=\"padding-top: 0px; padding-bottom: 0px; \"><div class=\"row-bg-wrap\" data-bg-animation=\"none\" data-bg-animation-delay=\"\" data-bg-overlay=\"false\"><div class=\"inner-wrap row-bg-layer\" ><div class=\"row-bg viewport-desktop\"  style=\"\"><\/div><\/div><\/div><div class=\"row_col_wrap_12 col span_12 dark left\">\n\t<div style=\"\" class=\"vc_col-sm-12 wpb_column column_container vc_column_container col centered-text padding-3-percent inherit_tablet inherit_phone\" data-using-bg=\"true\" data-border-radius=\"10px\" data-padding-pos=\"all\" data-has-bg-color=\"true\" data-bg-color=\"#727272\" data-bg-opacity=\"1\" data-animation=\"\" data-delay=\"0\" >\n\t\t<div class=\"vc_column-inner\" ><div class=\"column-bg-overlay-wrap column-bg-layer\" data-bg-animation=\"none\"><div class=\"column-bg-overlay\" style=\"opacity: 1; background-color: #727272;\"><\/div><\/div>\n\t\t\t<div class=\"wpb_wrapper\">\n\t\t\t\t\n<div class=\"wpb_text_column wpb_content_element\" >\n\t<div class=\"wpb_wrapper\">\n\t\t<p><span style=\"color: #ffffff; font-size: 16px; font-weight: bold;\">Este es un producto hecho a mano, dependiendo del stock disponible, la fabricaci\u00f3n toma de 3 a 5 semanas.<\/span><\/p>\n\t<\/div>\n<\/div>\n\n\n\n\n\t\t\t<\/div> \n\t\t<\/div>\n\t<\/div> \n<\/div><\/div>","protected":false},"excerpt":{"rendered":"<h5>PRE ORDER WITH THIS SPECIAL PRICE UNTIL MAY 31. You will get them in 3 weeks.<\/h5>\n<p><span style=\"font-size: 16px;\">We combined this athletic material (lightweight and flexible, adapting to the shape of your foot) with the durability and elegance of leather. The result: a versatile, incredibly comfortable and seriously cool shoe.<\/span><\/p>\n<div data-test-render-count=\"2\">\n<div class=\"group\">\n<div class=\"contents\">\n<div class=\"group relative relative pb-3\" data-is-streaming=\"false\">\n<div class=\"font-claude-response relative leading-[1.65rem] [&amp;_pre&gt;div]:bg-bg-000\/50 [&amp;_pre&gt;div]:border-0.5 [&amp;_pre&gt;div]:border-border-400 [&amp;_.ignore-pre-bg&gt;div]:bg-transparent [&amp;_.standard-markdown_:is(p,blockquote,h1,h2,h3,h4,h5,h6)]:pl-2 [&amp;_.standard-markdown_:is(p,blockquote,ul,ol,h1,h2,h3,h4,h5,h6)]:pr-8 [&amp;_.progressive-markdown_:is(p,blockquote,h1,h2,h3,h4,h5,h6)]:pl-2 [&amp;_.progressive-markdown_:is(p,blockquote,ul,ol,h1,h2,h3,h4,h5,h6)]:pr-8\">\n<div class=\"standard-markdown grid-cols-1 grid [&amp;_&gt;_*]:min-w-0 gap-3 standard-markdown\">\n<p class=\"font-claude-response-body break-words whitespace-normal leading-[1.7]\">Rubber sole.\u00a0 Cushioned insole<\/p>\n<p class=\"font-claude-response-body break-words whitespace-normal leading-[1.7]\">You can customize them with our straps, available in the accessories section.<\/p>\n<\/div>\n<\/div>\n<\/div>\n<\/div>\n<div class=\"flex justify-start opacity-0 group-hover:opacity-100 group-focus-within:opacity-100 transition\" role=\"group\" aria-label=\"Message actions\">\n<div class=\"text-text-300\">\n<div class=\"text-text-300 flex items-stretch justify-between\">\n<div class=\"w-fit\" data-state=\"closed\">\n<div class=\"relative text-text-500 group-hover\/btn:text-text-100\">\n<div class=\"transition-all opacity-100 scale-100\"><\/div>\n<\/div>\n<\/div>\n<\/div>\n<\/div>\n<\/div>\n<\/div>\n<\/div>\n<p>&nbsp;<\/p>\n","protected":false},"featured_media":11695,"template":"","meta":[],"product_brand":[],"product_cat":[41,100],"product_tag":[],"class_list":{"0":"post-11682","1":"product","2":"type-product","3":"status-publish","4":"has-post-thumbnail","6":"product_cat-boots","7":"product_cat-streetwear","9":"first","10":"onbackorder","11":"shipping-taxable","12":"purchasable","13":"product-type-variable"},"tiered_pricing_type":"fixed","tiered_pricing_fixed_rules":[],"tiered_pricing_product_settings":{"layout":"default","base_unit_name":{"singular":null,"plural":null},"default_variation":null},"tiered_pricing_minimum_quantity":null,"tiered_pricing_roles_data":[],"tiered_pricing_percentage_rules":[],"_links":{"self":[{"href":"https:\/\/fulanashoes.com\/ar\/wp-json\/wp\/v2\/product\/11682","targetHints":{"allow":["GET"]}}],"collection":[{"href":"https:\/\/fulanashoes.com\/ar\/wp-json\/wp\/v2\/product"}],"about":[{"href":"https:\/\/fulanashoes.com\/ar\/wp-json\/wp\/v2\/types\/product"}],"wp:featuredmedia":[{"embeddable":true,"href":"https:\/\/fulanashoes.com\/ar\/wp-json\/wp\/v2\/media\/11695"}],"wp:attachment":[{"href":"https:\/\/fulanashoes.com\/ar\/wp-json\/wp\/v2\/media?parent=11682"}],"wp:term":[{"taxonomy":"product_brand","embeddable":true,"href":"https:\/\/fulanashoes.com\/ar\/wp-json\/wp\/v2\/product_brand?post=11682"},{"taxonomy":"product_cat","embeddable":true,"href":"https:\/\/fulanashoes.com\/ar\/wp-json\/wp\/v2\/product_cat?post=11682"},{"taxonomy":"product_tag","embeddable":true,"href":"https:\/\/fulanashoes.com\/ar\/wp-json\/wp\/v2\/product_tag?post=11682"}],"curies":[{"name":"wp","href":"https:\/\/api.w.org\/{rel}","templated":true}]}}