{"id":8988,"date":"2024-09-17T14:17:07","date_gmt":"2024-09-17T17:17:07","guid":{"rendered":"https:\/\/fulanashoes.com\/?post_type=product&#038;p=8988"},"modified":"2026-03-23T20:52:45","modified_gmt":"2026-03-23T23:52:45","slug":"boots-classic-neoprene-black","status":"publish","type":"product","link":"https:\/\/fulanashoes.com\/ar\/producto\/boots-classic-neoprene-black\/","title":{"rendered":"Botas cl\u00e1sicas de neopreno negro"},"content":{"rendered":"<div id=\"fws_69e0245d3c43f\"  data-column-margin=\"default\" data-midnight=\"dark\"  class=\"wpb_row vc_row-fluid vc_row\"  style=\"padding-top: 0px; padding-bottom: 0px; \"><div class=\"row-bg-wrap\" data-bg-animation=\"none\" data-bg-animation-delay=\"\" data-bg-overlay=\"false\"><div class=\"inner-wrap row-bg-layer\" ><div class=\"row-bg viewport-desktop\"  style=\"\"><\/div><\/div><\/div><div class=\"row_col_wrap_12 col span_12 dark left\">\n\t<div  class=\"vc_col-sm-12 wpb_column column_container vc_column_container col no-extra-padding inherit_tablet inherit_phone\"  data-padding-pos=\"all\" data-has-bg-color=\"false\" data-bg-color=\"\" data-bg-opacity=\"1\" data-animation=\"\" data-delay=\"0\" >\n\t\t<div class=\"vc_column-inner\" >\n\t\t\t<div class=\"wpb_wrapper\">\n\t\t\t\t\n<div class=\"wpb_text_column wpb_content_element\" >\n\t<div class=\"wpb_wrapper\">\n\t\t<p><span style=\"font-weight: 400;\">Nuestro nuevo modelo de botas: un testimonio de comodidad, elegancia y estilo atemporal.<\/span><\/p>\n<p><span style=\"font-weight: 400;\">Estas botas han sido cuidadosamente elaboradas con l\u00edneas m\u00e1s sencillas en comparaci\u00f3n con nuestro modelo anterior, lo que les confiere un encanto cl\u00e1sico \u00fanico.<\/span><\/p>\n<p><span style=\"font-weight: 400;\">La ca\u00f1a m\u00e1s alta proporciona una sujeci\u00f3n excepcional del tobillo y realza la silueta de tus piernas al bailar. La suela de cuero dividido te permite usarlas en cualquier superficie y, como es caracter\u00edstico de nuestra marca, cuentan con acolchado en los bordes para proteger tu piel.<\/span><\/p>\n<p><span style=\"font-weight: 400;\">La sencillez de este dise\u00f1o garantiza que estas botas complementen a la perfecci\u00f3n cualquier atuendo que elijas.<\/span><\/p>\n<p><span style=\"font-weight: 400;\">En resumen, nuestras botas Classic son la elecci\u00f3n perfecta para quienes valoran la comodidad, el estilo y la versatilidad.<\/span><\/p>\n\t<\/div>\n<\/div>\n\n\n\n\n\t\t\t<\/div> \n\t\t<\/div>\n\t<\/div> \n<\/div><\/div>\n\t\t<div id=\"fws_69e0245d3c7d4\"  data-column-margin=\"default\" data-midnight=\"dark\"  class=\"wpb_row vc_row-fluid vc_row\"  style=\"padding-top: 0px; padding-bottom: 0px; \"><div class=\"row-bg-wrap\" data-bg-animation=\"none\" data-bg-animation-delay=\"\" data-bg-overlay=\"false\"><div class=\"inner-wrap row-bg-layer\" ><div class=\"row-bg viewport-desktop\"  style=\"\"><\/div><\/div><\/div><div class=\"row_col_wrap_12 col span_12 dark left\">\n\t<div style=\"\" class=\"vc_col-sm-12 wpb_column column_container vc_column_container col centered-text padding-3-percent inherit_tablet inherit_phone\" data-using-bg=\"true\" data-border-radius=\"10px\" data-padding-pos=\"all\" data-has-bg-color=\"true\" data-bg-color=\"#727272\" data-bg-opacity=\"1\" data-animation=\"\" data-delay=\"0\" >\n\t\t<div class=\"vc_column-inner\" ><div class=\"column-bg-overlay-wrap column-bg-layer\" data-bg-animation=\"none\"><div class=\"column-bg-overlay\" style=\"opacity: 1; background-color: #727272;\"><\/div><\/div>\n\t\t\t<div class=\"wpb_wrapper\">\n\t\t\t\t\n<div class=\"wpb_text_column wpb_content_element\" >\n\t<div class=\"wpb_wrapper\">\n\t\t<p><span style=\"color: #ffffff; font-size: 16px; font-weight: bold;\">Este es un producto hecho a mano, dependiendo del stock disponible, la fabricaci\u00f3n toma de 3 a 5 semanas.<\/span><\/p>\n<p>Los zapatos y las botas vienen con un par de cordones normales. Cualquier otro tipo de cord\u00f3n o accesorio se vende por separado.<\/p>\n<p>Explora nuestra selecci\u00f3n de <a href=\"https:\/\/fulanashoes.com\/ar\/accessories\/\">accesorios<\/a> Disponibles para complementar tus zapatos y botas en nuestra secci\u00f3n de Accesorios.<\/p>\n\t<\/div>\n<\/div>\n\n\n\n\n\t\t\t<\/div> \n\t\t<\/div>\n\t<\/div> \n<\/div><\/div>","protected":false},"excerpt":{"rendered":"<p>Black leater and Black neoprene.<\/p>\n<p>Suave almohadilla del tal\u00f3n.<\/p>\n<p>Alta densidad de la plantilla de la almohadilla.<\/p>\n<p>Split suela de cuero, para que sea m\u00e1s flexible.<\/p>\n<p>Cubierta de goma de la colina de 2,5 cm de alto.<\/p>\n<p>Se pueden usar en interiores o al aire libre.<\/p>\n<p>Los cinturones se venden por separado. Los encontrar\u00e1 en la secci\u00f3n de Accesorios.<\/p>","protected":false},"featured_media":9002,"template":"","meta":[],"product_brand":[],"product_cat":[41],"product_tag":[],"class_list":{"0":"post-8988","1":"product","2":"type-product","3":"status-publish","4":"has-post-thumbnail","6":"product_cat-boots","8":"first","9":"instock","10":"shipping-taxable","11":"purchasable","12":"product-type-variable"},"tiered_pricing_type":"fixed","tiered_pricing_fixed_rules":[],"tiered_pricing_product_settings":{"layout":"default","base_unit_name":{"singular":null,"plural":null},"default_variation":null},"tiered_pricing_minimum_quantity":null,"tiered_pricing_roles_data":[],"tiered_pricing_percentage_rules":[],"_links":{"self":[{"href":"https:\/\/fulanashoes.com\/ar\/wp-json\/wp\/v2\/product\/8988","targetHints":{"allow":["GET"]}}],"collection":[{"href":"https:\/\/fulanashoes.com\/ar\/wp-json\/wp\/v2\/product"}],"about":[{"href":"https:\/\/fulanashoes.com\/ar\/wp-json\/wp\/v2\/types\/product"}],"wp:featuredmedia":[{"embeddable":true,"href":"https:\/\/fulanashoes.com\/ar\/wp-json\/wp\/v2\/media\/9002"}],"wp:attachment":[{"href":"https:\/\/fulanashoes.com\/ar\/wp-json\/wp\/v2\/media?parent=8988"}],"wp:term":[{"taxonomy":"product_brand","embeddable":true,"href":"https:\/\/fulanashoes.com\/ar\/wp-json\/wp\/v2\/product_brand?post=8988"},{"taxonomy":"product_cat","embeddable":true,"href":"https:\/\/fulanashoes.com\/ar\/wp-json\/wp\/v2\/product_cat?post=8988"},{"taxonomy":"product_tag","embeddable":true,"href":"https:\/\/fulanashoes.com\/ar\/wp-json\/wp\/v2\/product_tag?post=8988"}],"curies":[{"name":"wp","href":"https:\/\/api.w.org\/{rel}","templated":true}]}}